{"id":5691,"date":"2021-02-11T16:51:21","date_gmt":"2021-02-11T16:51:21","guid":{"rendered":"https:\/\/urbanai.fr\/?page_id=5691"},"modified":"2025-09-04T07:23:55","modified_gmt":"2025-09-04T07:23:55","slug":"communaute-ecosysteme","status":"publish","type":"page","link":"https:\/\/urbanai.fr\/fr\/communaute-ecosysteme\/","title":{"rendered":"COMMUNAUT\u00c9 ET \u00c9COSYST\u00c8ME"},"content":{"rendered":"<div class=\"wpb-content-wrapper\">[vc_row el_id=\u00a0\u00bbCONTRIBUTEURSEXPERTS\u00a0\u00bb][vc_column][tm_spacer size=\u00a0\u00bblg:60&Prime;][vc_row_inner][vc_column_inner width=\u00a0\u00bb1\/2&Prime;][tm_heading style=\u00a0\u00bbmodern-03&Prime; custom_google_font=\u00a0\u00bb1&Prime; google_fonts=\u00a0\u00bbfont_family:Poppins%3A300%2Cregular%2C500%2C600%2C700|font_style:300%20light%20regular%3A300%3Anormal\u00a0\u00bb font_weight=\u00a0\u00bb200&Prime; text_color=\u00a0\u00bbprimary\u00a0\u00bb hover_text_color=\u00a0\u00bbprimary\u00a0\u00bb text=\u00a0\u00bbCONTRIBUTEURS ET EXPERTS\u00a0\u00bb font_size=\u00a0\u00bblg:28&Prime;][tm_spacer size=\u00a0\u00bblg:30&Prime;][\/vc_column_inner][vc_column_inner width=\u00a0\u00bb1\/2&Prime;][tm_spacer size=\u00a0\u00bblg:30&Prime;][\/vc_column_inner][\/vc_row_inner][tm_spacer size=\u00a0\u00bbxs:0;lg:18&Prime;][tm_testimonial gutter=\u00a0\u00bb30&Prime; number=\u00a0\u00bb9&Prime; columns=\u00a0\u00bbxs:1;sm:2;lg:3&Prime;][\/vc_column][\/vc_row][vc_row el_id=\u00a0\u00bbCOMITESCIENTIFIQUE\u00a0\u00bb][vc_column][tm_spacer size=\u00a0\u00bblg:60&Prime;][vc_row_inner][vc_column_inner width=\u00a0\u00bb1\/2&Prime;][tm_heading style=\u00a0\u00bbmodern-03&Prime; custom_google_font=\u00a0\u00bb1&Prime; google_fonts=\u00a0\u00bbfont_family:Poppins%3A300%2Cregular%2C500%2C600%2C700|font_style:300%20light%20regular%3A300%3Anormal\u00a0\u00bb font_weight=\u00a0\u00bb200&Prime; text_color=\u00a0\u00bbprimary\u00a0\u00bb hover_text_color=\u00a0\u00bbprimary\u00a0\u00bb text=\u00a0\u00bbCOMIT\u00c9 SCIENTIFIQUE\u00a0\u00bb font_size=\u00a0\u00bblg:28&Prime;][tm_spacer size=\u00a0\u00bblg:30&Prime;][\/vc_column_inner][vc_column_inner width=\u00a0\u00bb1\/2&Prime;][tm_spacer size=\u00a0\u00bblg:30&Prime;][\/vc_column_inner][\/vc_row_inner][tm_spacer size=\u00a0\u00bbxs:0;lg:18&Prime;][tm_timeline items=\u00a0\u00bb%5B%7B%7D%5D\u00a0\u00bb][\/vc_column][\/vc_row][vc_row el_id=\u00a0\u00bbPARTENAIRES\u00a0\u00bb][vc_column][tm_spacer size=\u00a0\u00bblg:60&Prime;][vc_row_inner][vc_column_inner width=\u00a0\u00bb1\/2&Prime;][tm_heading style=\u00a0\u00bbmodern-03&Prime; custom_google_font=\u00a0\u00bb1&Prime; google_fonts=\u00a0\u00bbfont_family:Poppins%3A300%2Cregular%2C500%2C600%2C700|font_style:300%20light%20regular%3A300%3Anormal\u00a0\u00bb font_weight=\u00a0\u00bb200&Prime; text_color=\u00a0\u00bbprimary\u00a0\u00bb hover_text_color=\u00a0\u00bbprimary\u00a0\u00bb text=\u00a0\u00bbPARTENAIRES ET COLLABORATIONS\u00a0\u00bb font_size=\u00a0\u00bblg:28&Prime;][tm_spacer size=\u00a0\u00bblg:30&Prime;][\/vc_column_inner][vc_column_inner width=\u00a0\u00bb1\/2&Prime;][tm_spacer size=\u00a0\u00bblg:30&Prime;][\/vc_column_inner][\/vc_row_inner][tm_spacer size=\u00a0\u00bbxs:0;lg:18&Prime;][tm_client style=\u00a0\u00bbgrid\u00a0\u00bb effect=\u00a0\u00bbmove-up\u00a0\u00bb gutter=\u00a0\u00bb0&Prime; items=\u00a0\u00bb%5B%7B%22image%22%3A%229307%22%2C%22link%22%3A%22url%3Ahttps%253A%252F%252Fwww.banquedesterritoires.fr%252F%7Ctarget%3A_blank%22%7D%2C%7B%22image%22%3A%229322%22%2C%22link%22%3A%22url%3Ahttps%253A%252F%252Fwww.essonne-amenagement.fr%252F%7Ctarget%3A_blank%22%7D%2C%7B%22image%22%3A%229315%22%2C%22link%22%3A%22url%3Ahttps%253A%252F%252Fwww.lillemetropole.fr%252F%7Ctarget%3A_blank%22%7D%2C%7B%22image%22%3A%228285%22%2C%22link%22%3A%22url%3Ahttps%253A%252F%252Fai4cities.eu%252F%7Ctarget%3A_blank%22%7D%2C%7B%22image%22%3A%228287%22%2C%22link%22%3A%22url%3Ahttps%253A%252F%252Fwww.algora.school%252F%7Ctarget%3A_blank%22%7D%2C%7B%22image%22%3A%228303%22%2C%22link%22%3A%22url%3Ahttps%253A%252F%252Flkycic.sutd.edu.sg%252F%7Ctarget%3A_blank%22%7D%2C%7B%22image%22%3A%228312%22%2C%22link%22%3A%22url%3Ahttps%253A%252F%252Fwww.capdigital.com%252F%7Ctarget%3A_blank%22%7D%2C%7B%22image%22%3A%228291%22%2C%22link%22%3A%22url%3Ahttp%253A%252F%252Fchaire-eti.org%252F%7Ctarget%3A_blank%22%7D%2C%7B%22image%22%3A%228295%22%2C%22link%22%3A%22url%3Ahttp%253A%252F%252Fwww.institutfrancaisdudesign.fr%252F%7Ctarget%3A_blank%22%7D%2C%7B%22image%22%3A%228297%22%2C%22link%22%3A%22url%3Ahttps%253A%252F%252Fwww.lecolededesign.com%252F%7Ctarget%3A_blank%22%7D%2C%7B%22image%22%3A%228301%22%2C%22link%22%3A%22url%3Ahttps%253A%252F%252Fmetropole.nantes.fr%252F%7Ctarget%3A_blank%22%7D%2C%7B%22image%22%3A%228305%22%2C%22link%22%3A%22url%3Ahttps%253A%252F%252Fwww.nicecotedazur.org%252F%7Ctarget%3A_blank%22%7D%2C%7B%22image%22%3A%228307%22%2C%22link%22%3A%22url%3Ahttps%253A%252F%252Fwww.strate.design%252F%7Ctarget%3A_blank%22%7D%2C%7B%22image%22%3A%228309%22%2C%22link%22%3A%22url%3Ahttp%253A%252F%252Fwww.the-sds.com%252F%7Ctitle%3AKlicky%7Ctarget%3A_blank%22%7D%2C%7B%22image%22%3A%229459%22%2C%22link%22%3A%22url%3Ahttps%253A%252F%252Fwww.pca-stream.com%252F%7Ctitle%3AKlicky%7Ctarget%3A_blank%22%7D%5D\u00a0\u00bb columns=\u00a0\u00bbxs:1;sm:2;lg:3&Prime;][\/vc_column][\/vc_row]\n<\/div>","protected":false},"excerpt":{"rendered":"<p>[vc_row el_id=\u00a0\u00bbCONTRIBUTEURSEXPERTS\u00a0\u00bb][vc_column][tm_spacer size=\u00a0\u00bblg:60&Prime;][vc_row_inner][vc_column_inner width=\u00a0\u00bb1\/2&Prime;][tm_heading style=\u00a0\u00bbmodern-03&Prime; custom_google_font=\u00a0\u00bb1&Prime; google_fonts=\u00a0\u00bbfont_family:Poppins%3A300%2Cregular%2C500%2C600%2C700|font_style:300%20light%20regular%3A300%3Anormal\u00a0\u00bb font_weight=\u00a0\u00bb200&Prime; text_color=\u00a0\u00bbprimary\u00a0\u00bb hover_text_color=\u00a0\u00bbprimary\u00a0\u00bb text=\u00a0\u00bbCONTRIBUTEURS ET EXPERTS\u00a0\u00bb font_size=\u00a0\u00bblg:28&Prime;][tm_spacer size=\u00a0\u00bblg:30&Prime;][\/vc_column_inner][vc_column_inner width=\u00a0\u00bb1\/2&Prime;][tm_spacer size=\u00a0\u00bblg:30&Prime;][\/vc_column_inner][\/vc_row_inner][tm_spacer size=\u00a0\u00bbxs:0;lg:18&Prime;][tm_testimonial gutter=\u00a0\u00bb30&Prime; number=\u00a0\u00bb9&Prime; columns=\u00a0\u00bbxs:1;sm:2;lg:3&Prime;][\/vc_column][\/vc_row][vc_row el_id=\u00a0\u00bbCOMITESCIENTIFIQUE\u00a0\u00bb][vc_column][tm_spacer size=\u00a0\u00bblg:60&Prime;][vc_row_inner][vc_column_inner width=\u00a0\u00bb1\/2&Prime;][tm_heading style=\u00a0\u00bbmodern-03&Prime; custom_google_font=\u00a0\u00bb1&Prime; google_fonts=\u00a0\u00bbfont_family:Poppins%3A300%2Cregular%2C500%2C600%2C700|font_style:300%20light%20regular%3A300%3Anormal\u00a0\u00bb font_weight=\u00a0\u00bb200&Prime; text_color=\u00a0\u00bbprimary\u00a0\u00bb hover_text_color=\u00a0\u00bbprimary\u00a0\u00bb text=\u00a0\u00bbCOMIT\u00c9 SCIENTIFIQUE\u00a0\u00bb font_size=\u00a0\u00bblg:28&Prime;][tm_spacer size=\u00a0\u00bblg:30&Prime;][\/vc_column_inner][vc_column_inner width=\u00a0\u00bb1\/2&Prime;][tm_spacer size=\u00a0\u00bblg:30&Prime;][\/vc_column_inner][\/vc_row_inner][tm_spacer size=\u00a0\u00bbxs:0;lg:18&Prime;][tm_timeline items=\u00a0\u00bb%5B%7B%7D%5D\u00a0\u00bb][\/vc_column][\/vc_row][vc_row el_id=\u00a0\u00bbPARTENAIRES\u00a0\u00bb][vc_column][tm_spacer size=\u00a0\u00bblg:60&Prime;][vc_row_inner][vc_column_inner width=\u00a0\u00bb1\/2&Prime;][tm_heading style=\u00a0\u00bbmodern-03&Prime; custom_google_font=\u00a0\u00bb1&Prime; google_fonts=\u00a0\u00bbfont_family:Poppins%3A300%2Cregular%2C500%2C600%2C700|font_style:300%20light%20regular%3A300%3Anormal\u00a0\u00bb font_weight=\u00a0\u00bb200&Prime; text_color=\u00a0\u00bbprimary\u00a0\u00bb hover_text_color=\u00a0\u00bbprimary\u00a0\u00bb text=\u00a0\u00bbPARTENAIRES ET COLLABORATIONS\u00a0\u00bb font_size=\u00a0\u00bblg:28&Prime;][tm_spacer size=\u00a0\u00bblg:30&Prime;][\/vc_column_inner][vc_column_inner width=\u00a0\u00bb1\/2&Prime;][tm_spacer size=\u00a0\u00bblg:30&Prime;][\/vc_column_inner][\/vc_row_inner][tm_spacer size=\u00a0\u00bbxs:0;lg:18&Prime;][tm_client style=\u00a0\u00bbgrid\u00a0\u00bb effect=\u00a0\u00bbmove-up\u00a0\u00bb gutter=\u00a0\u00bb0&Prime; items=\u00a0\u00bb%5B%7B%22image%22%3A%229307%22%2C%22link%22%3A%22url%3Ahttps%253A%252F%252Fwww.banquedesterritoires.fr%252F%7Ctarget%3A_blank%22%7D%2C%7B%22image%22%3A%229322%22%2C%22link%22%3A%22url%3Ahttps%253A%252F%252Fwww.essonne-amenagement.fr%252F%7Ctarget%3A_blank%22%7D%2C%7B%22image%22%3A%229315%22%2C%22link%22%3A%22url%3Ahttps%253A%252F%252Fwww.lillemetropole.fr%252F%7Ctarget%3A_blank%22%7D%2C%7B%22image%22%3A%228285%22%2C%22link%22%3A%22url%3Ahttps%253A%252F%252Fai4cities.eu%252F%7Ctarget%3A_blank%22%7D%2C%7B%22image%22%3A%228287%22%2C%22link%22%3A%22url%3Ahttps%253A%252F%252Fwww.algora.school%252F%7Ctarget%3A_blank%22%7D%2C%7B%22image%22%3A%228303%22%2C%22link%22%3A%22url%3Ahttps%253A%252F%252Flkycic.sutd.edu.sg%252F%7Ctarget%3A_blank%22%7D%2C%7B%22image%22%3A%228312%22%2C%22link%22%3A%22url%3Ahttps%253A%252F%252Fwww.capdigital.com%252F%7Ctarget%3A_blank%22%7D%2C%7B%22image%22%3A%228291%22%2C%22link%22%3A%22url%3Ahttp%253A%252F%252Fchaire-eti.org%252F%7Ctarget%3A_blank%22%7D%2C%7B%22image%22%3A%228295%22%2C%22link%22%3A%22url%3Ahttp%253A%252F%252Fwww.institutfrancaisdudesign.fr%252F%7Ctarget%3A_blank%22%7D%2C%7B%22image%22%3A%228297%22%2C%22link%22%3A%22url%3Ahttps%253A%252F%252Fwww.lecolededesign.com%252F%7Ctarget%3A_blank%22%7D%2C%7B%22image%22%3A%228301%22%2C%22link%22%3A%22url%3Ahttps%253A%252F%252Fmetropole.nantes.fr%252F%7Ctarget%3A_blank%22%7D%2C%7B%22image%22%3A%228305%22%2C%22link%22%3A%22url%3Ahttps%253A%252F%252Fwww.nicecotedazur.org%252F%7Ctarget%3A_blank%22%7D%2C%7B%22image%22%3A%228307%22%2C%22link%22%3A%22url%3Ahttps%253A%252F%252Fwww.strate.design%252F%7Ctarget%3A_blank%22%7D%2C%7B%22image%22%3A%228309%22%2C%22link%22%3A%22url%3Ahttp%253A%252F%252Fwww.the-sds.com%252F%7Ctitle%3AKlicky%7Ctarget%3A_blank%22%7D%2C%7B%22image%22%3A%229459%22%2C%22link%22%3A%22url%3Ahttps%253A%252F%252Fwww.pca-stream.com%252F%7Ctitle%3AKlicky%7Ctarget%3A_blank%22%7D%5D\u00a0\u00bb columns=\u00a0\u00bbxs:1;sm:2;lg:3&Prime;][\/vc_column][\/vc_row]<\/p>\n","protected":false},"author":11,"featured_media":9156,"parent":0,"menu_order":0,"comment_status":"closed","ping_status":"closed","template":"urbanai-cpage-ecosysteme.php","meta":{"_acf_changed":false,"footnotes":""},"class_list":["post-5691","page","type-page","status-publish","has-post-thumbnail","hentry"],"acf":[],"_links":{"self":[{"href":"https:\/\/urbanai.fr\/fr\/wp-json\/wp\/v2\/pages\/5691","targetHints":{"allow":["GET"]}}],"collection":[{"href":"https:\/\/urbanai.fr\/fr\/wp-json\/wp\/v2\/pages"}],"about":[{"href":"https:\/\/urbanai.fr\/fr\/wp-json\/wp\/v2\/types\/page"}],"author":[{"embeddable":true,"href":"https:\/\/urbanai.fr\/fr\/wp-json\/wp\/v2\/users\/11"}],"replies":[{"embeddable":true,"href":"https:\/\/urbanai.fr\/fr\/wp-json\/wp\/v2\/comments?post=5691"}],"version-history":[{"count":52,"href":"https:\/\/urbanai.fr\/fr\/wp-json\/wp\/v2\/pages\/5691\/revisions"}],"predecessor-version":[{"id":8284,"href":"https:\/\/urbanai.fr\/fr\/wp-json\/wp\/v2\/pages\/5691\/revisions\/8284"}],"wp:featuredmedia":[{"embeddable":true,"href":"https:\/\/urbanai.fr\/fr\/wp-json\/wp\/v2\/media\/9156"}],"wp:attachment":[{"href":"https:\/\/urbanai.fr\/fr\/wp-json\/wp\/v2\/media?parent=5691"}],"curies":[{"name":"wp","href":"https:\/\/api.w.org\/{rel}","templated":true}]}}