{"id":5695,"date":"2021-02-11T16:51:58","date_gmt":"2021-02-11T16:51:58","guid":{"rendered":"https:\/\/urbanai.fr\/?page_id=5695"},"modified":"2025-09-04T07:23:55","modified_gmt":"2025-09-04T07:23:55","slug":"nos-travaux","status":"publish","type":"page","link":"https:\/\/urbanai.fr\/fr\/nos-travaux\/","title":{"rendered":"NOS TRAVAUX"},"content":{"rendered":"<div class=\"wpb-content-wrapper\">[vc_row full_width=\u00a0\u00bbstretch_row_content_no_spaces\u00a0\u00bb content_placement=\u00a0\u00bbmiddle\u00a0\u00bb custom_border_color=\u00a0\u00bb#ffffff\u00a0\u00bb background_color=\u00a0\u00bbcustom\u00a0\u00bb lg_spacing=\u00a0\u00bbpadding_top:0;padding_bottom:60&Prime; custom_background_color=\u00a0\u00bb#ffffff\u00a0\u00bb][vc_column offset=\u00a0\u00bbvc_col-md-6&Prime;][vc_row_inner content_alignment=\u00a0\u00bbright\u00a0\u00bb sm_content_alignment=\u00a0\u00bbcenter\u00a0\u00bb max_width=\u00a0\u00bb600px\u00a0\u00bb lg_spacing=\u00a0\u00bbpadding_right:80&Prime; md_spacing=\u00a0\u00bbpadding_right:15&Prime; sm_spacing=\u00a0\u00bbpadding_right:0&Prime;][vc_column_inner lg_spacing=\u00a0\u00bbpadding_top:60&Prime;][tm_heading style=\u00a0\u00bbmodern\u00a0\u00bb tag=\u00a0\u00bbh6&Prime; custom_google_font=\u00a0\u00bb\u00a0\u00bb text_color=\u00a0\u00bbcustom\u00a0\u00bb custom_text_color=\u00a0\u00bb#b8b8b8&Prime; text=\u00a0\u00bbRAPPORT URBAN AI\u00a0\u00bb][tm_spacer size=\u00a0\u00bblg:25&Prime;][tm_heading custom_google_font=\u00a0\u00bb\u00a0\u00bb text=\u00a0\u00bbQu\u2019est ce<br \/>\nque l\u2019<mark>IA urbaine<\/mark> ?\u00a0\u00bb font_size=\u00a0\u00bbsm:36;md:42;lg:48&Prime; line_height=\u00a0\u00bb1.25&Prime;][tm_spacer size=\u00a0\u00bblg:47&Prime;][tm_heading tag=\u00a0\u00bbdiv\u00a0\u00bb custom_google_font=\u00a0\u00bb\u00a0\u00bb el_class=\u00a0\u00bbjustifklc564&Prime; text=\u00a0\u00bbLe rapport URBAN AI d\u00e9veloppe le concept d&rsquo;IA urbaine et explore son champ des possibles : Qu&rsquo;est-ce que l&rsquo;IA urbaine ? Comment peut-elle contribuer \u00e0 la cr\u00e9ation de villes durables ? Quels sont les risques et d\u00e9rives possibles de cette technologie ? Comment diff\u00e9rentes villes du monde utilisent-elles l&rsquo;IA ? Autant de questions (et bien plus encore) qui sont adress\u00e9s dans le cadre de ce travail collectif.\u00a0\u00bb][tm_spacer size=\u00a0\u00bblg:21&Prime;][vc_btn title=\u00a0\u00bbEN SAVOIR PLUS \u2192\u00a0\u00bb style=\u00a0\u00bbflat\u00a0\u00bb shape=\u00a0\u00bbsquare\u00a0\u00bb link=\u00a0\u00bburl:https%3A%2F%2Furbanai.fr%2Fnos-travaux%2Frapport-urban-ai%2F|title:EN%20SAVOIR%20PLUS%20%E2%86%92&Prime;][tm_spacer size=\u00a0\u00bblg:57&Prime;][\/vc_column_inner][\/vc_row_inner][tm_spacer size=\u00a0\u00bbsm:60&Prime;][\/vc_column][vc_column offset=\u00a0\u00bbvc_col-md-6&Prime;][tm_image full_wide=\u00a0\u00bb1&Prime; image=\u00a0\u00bb6812&Prime;][\/vc_column][\/vc_row]\n<\/div>","protected":false},"excerpt":{"rendered":"<p>[vc_row full_width=\u00a0\u00bbstretch_row_content_no_spaces\u00a0\u00bb content_placement=\u00a0\u00bbmiddle\u00a0\u00bb custom_border_color=\u00a0\u00bb#ffffff\u00a0\u00bb background_color=\u00a0\u00bbcustom\u00a0\u00bb lg_spacing=\u00a0\u00bbpadding_top:0;padding_bottom:60&Prime; custom_background_color=\u00a0\u00bb#ffffff\u00a0\u00bb][vc_column offset=\u00a0\u00bbvc_col-md-6&Prime;][vc_row_inner content_alignment=\u00a0\u00bbright\u00a0\u00bb sm_content_alignment=\u00a0\u00bbcenter\u00a0\u00bb max_width=\u00a0\u00bb600px\u00a0\u00bb lg_spacing=\u00a0\u00bbpadding_right:80&Prime; md_spacing=\u00a0\u00bbpadding_right:15&Prime; sm_spacing=\u00a0\u00bbpadding_right:0&Prime;][vc_column_inner lg_spacing=\u00a0\u00bbpadding_top:60&Prime;][tm_heading style=\u00a0\u00bbmodern\u00a0\u00bb tag=\u00a0\u00bbh6&Prime; custom_google_font=\u00a0\u00bb\u00a0\u00bb text_color=\u00a0\u00bbcustom\u00a0\u00bb custom_text_color=\u00a0\u00bb#b8b8b8&Prime; text=\u00a0\u00bbRAPPORT URBAN AI\u00a0\u00bb][tm_spacer size=\u00a0\u00bblg:25&Prime;][tm_heading custom_google_font=\u00a0\u00bb\u00a0\u00bb text=\u00a0\u00bbQu\u2019est ce que l\u2019IA urbaine ?\u00a0\u00bb font_size=\u00a0\u00bbsm:36;md:42;lg:48&Prime; line_height=\u00a0\u00bb1.25&Prime;][tm_spacer size=\u00a0\u00bblg:47&Prime;][tm_heading tag=\u00a0\u00bbdiv\u00a0\u00bb custom_google_font=\u00a0\u00bb\u00a0\u00bb el_class=\u00a0\u00bbjustifklc564&Prime; text=\u00a0\u00bbLe rapport URBAN AI d\u00e9veloppe le concept d&rsquo;IA urbaine et explore son champ des possibles : Qu&rsquo;est-ce que l&rsquo;IA urbaine ? Comment peut-elle contribuer \u00e0 la cr\u00e9ation de villes durables ? Quels sont les risques et d\u00e9rives possibles de cette technologie ? Comment diff\u00e9rentes villes du monde utilisent-elles l&rsquo;IA ? Autant de questions (et bien plus encore) qui sont adress\u00e9s dans le cadre de ce travail collectif.\u00a0\u00bb][tm_spacer size=\u00a0\u00bblg:21&Prime;][vc_btn title=\u00a0\u00bbEN SAVOIR PLUS \u2192\u00a0\u00bb style=\u00a0\u00bbflat\u00a0\u00bb shape=\u00a0\u00bbsquare\u00a0\u00bb link=\u00a0\u00bburl:https%3A%2F%2Furbanai.fr%2Fnos-travaux%2Frapport-urban-ai%2F|title:EN%20SAVOIR%20PLUS%20%E2%86%92&Prime;][tm_spacer size=\u00a0\u00bblg:57&Prime;][\/vc_column_inner][\/vc_row_inner][tm_spacer size=\u00a0\u00bbsm:60&Prime;][\/vc_column][vc_column offset=\u00a0\u00bbvc_col-md-6&Prime;][tm_image full_wide=\u00a0\u00bb1&Prime; image=\u00a0\u00bb6812&Prime;][\/vc_column][\/vc_row]<\/p>\n","protected":false},"author":11,"featured_media":9156,"parent":0,"menu_order":0,"comment_status":"closed","ping_status":"closed","template":"","meta":{"_acf_changed":false,"footnotes":""},"class_list":["post-5695","page","type-page","status-publish","has-post-thumbnail","hentry"],"acf":[],"_links":{"self":[{"href":"https:\/\/urbanai.fr\/fr\/wp-json\/wp\/v2\/pages\/5695","targetHints":{"allow":["GET"]}}],"collection":[{"href":"https:\/\/urbanai.fr\/fr\/wp-json\/wp\/v2\/pages"}],"about":[{"href":"https:\/\/urbanai.fr\/fr\/wp-json\/wp\/v2\/types\/page"}],"author":[{"embeddable":true,"href":"https:\/\/urbanai.fr\/fr\/wp-json\/wp\/v2\/users\/11"}],"replies":[{"embeddable":true,"href":"https:\/\/urbanai.fr\/fr\/wp-json\/wp\/v2\/comments?post=5695"}],"version-history":[{"count":22,"href":"https:\/\/urbanai.fr\/fr\/wp-json\/wp\/v2\/pages\/5695\/revisions"}],"predecessor-version":[{"id":8369,"href":"https:\/\/urbanai.fr\/fr\/wp-json\/wp\/v2\/pages\/5695\/revisions\/8369"}],"wp:featuredmedia":[{"embeddable":true,"href":"https:\/\/urbanai.fr\/fr\/wp-json\/wp\/v2\/media\/9156"}],"wp:attachment":[{"href":"https:\/\/urbanai.fr\/fr\/wp-json\/wp\/v2\/media?parent=5695"}],"curies":[{"name":"wp","href":"https:\/\/api.w.org\/{rel}","templated":true}]}}