{"id":6649,"date":"2021-02-21T17:52:16","date_gmt":"2021-02-21T17:52:16","guid":{"rendered":"https:\/\/urbanai.fr\/?page_id=6649"},"modified":"2025-09-04T07:23:55","modified_gmt":"2025-09-04T07:23:55","slug":"a-propos","status":"publish","type":"page","link":"https:\/\/urbanai.fr\/fr\/a-propos\/","title":{"rendered":"\u00c0-PROPOS"},"content":{"rendered":"<div class=\"wpb-content-wrapper\">[vc_row full_width=\u00a0\u00bbstretch_row\u00a0\u00bb disable_element=\u00a0\u00bbyes\u00a0\u00bb background_image=\u00a0\u00bb1727&Prime; background_position=\u00a0\u00bbcenter\u00a0\u00bb el_id=\u00a0\u00bbsection-about\u00a0\u00bb][vc_column][tm_spacer size=\u00a0\u00bbsm:100;lg:150&Prime;][tm_heading style=\u00a0\u00bbmodern-02&Prime; custom_google_font=\u00a0\u00bb1&Prime; align=\u00a0\u00bbcenter\u00a0\u00bb text_color=\u00a0\u00bbprimary\u00a0\u00bb hover_text_color=\u00a0\u00bbprimary\u00a0\u00bb text=\u00a0\u00bb\u00c0-PROPOS DE URBAN AI\u00a0\u00bb][tm_spacer size=\u00a0\u00bblg:35&Prime;][tm_heading custom_google_font=\u00a0\u00bb1&Prime; align=\u00a0\u00bbcenter\u00a0\u00bb text_color=\u00a0\u00bbprimary\u00a0\u00bb el_class=\u00a0\u00bbsecondary-font\u00a0\u00bb text=\u00a0\u00bbURBAN AI est le 1<sup>er<\/sup> Think Tank<br \/>\nsur les IA urbaines !\u00a0\u00bb font_size=\u00a0\u00bbsm:36;md:42;lg:48&Prime; line_height=\u00a0\u00bb1.25&Prime;][tm_spacer size=\u00a0\u00bbsm:50;lg:107&Prime;][tm_grid centered_items=\u00a0\u00bb1&Prime; columns=\u00a0\u00bbxs:1;sm:1;lg:3&Prime; column_gutter=\u00a0\u00bblg:30&Prime; row_gutter=\u00a0\u00bblg:50&Prime; item_max_width=\u00a0\u00bbsm:370&Prime;][tm_box_icon align=\u00a0\u00bbcenter\u00a0\u00bb icon_type=\u00a0\u00bbion\u00a0\u00bb icon_ion=\u00a0\u00bbion-ios-eye-outline\u00a0\u00bb heading_color=\u00a0\u00bbprimary\u00a0\u00bb icon_color=\u00a0\u00bbprimary\u00a0\u00bb button_color=\u00a0\u00bbprimary\u00a0\u00bb heading=\u00a0\u00bbLe Think Tank\u00a0\u00bb text=\u00a0\u00bbUrban AI est un Think Tank qui f\u00e9d\u00e8re un \u00e9cosyst\u00e8me international et une communaut\u00e9&#8230;\u00a0\u00bb button=\u00a0\u00bburl:%23LETHINKTHANK|title:En%20savoir%20plus\u00a0\u00bb][tm_box_icon align=\u00a0\u00bbcenter\u00a0\u00bb icon_type=\u00a0\u00bbion\u00a0\u00bb icon_ion=\u00a0\u00bbion-ios-bookmarks-outline\u00a0\u00bb heading_color=\u00a0\u00bbprimary\u00a0\u00bb icon_color=\u00a0\u00bbprimary\u00a0\u00bb button_color=\u00a0\u00bbprimary\u00a0\u00bb heading=\u00a0\u00bbUrbaniser l&rsquo;IA\u00a0\u00bb text=\u00a0\u00bbPlut\u00f4t que de cr\u00e9er des \u00ab\u00a0Smart City\u00ab\u00a0, notre ambition est d&rsquo;urbaniser l&rsquo;Intellligence Artificielle. D&rsquo;imaginer et&#8230;\u00a0\u00bb button=\u00a0\u00bburl:%23URBANISERLIA|title:En%20savoir%20plus\u00a0\u00bb][tm_box_icon align=\u00a0\u00bbcenter\u00a0\u00bb icon_type=\u00a0\u00bbion\u00a0\u00bb icon_ion=\u00a0\u00bbion-ios-browsers-outline\u00a0\u00bb heading_color=\u00a0\u00bbprimary\u00a0\u00bb icon_color=\u00a0\u00bbprimary\u00a0\u00bb button_color=\u00a0\u00bbprimary\u00a0\u00bb heading=\u00a0\u00bbHistorique\u00a0\u00bb text=\u00a0\u00bbUrban AI a \u00e9t\u00e9 fond\u00e9 suite \u00e0 un tour du monde. Pendant 6 mois, Hubert B\u00e9roche a explor\u00e9 12 villes&#8230;\u00a0\u00bb button=\u00a0\u00bburl:%23HISTORIQUE|title:En%20savoir%20plus\u00a0\u00bb][\/tm_grid][tm_spacer size=\u00a0\u00bbsm:100;lg:140&Prime;][\/vc_column][\/vc_row][vc_section][vc_row full_width=\u00a0\u00bbstretch_row\u00a0\u00bb custom_border_color=\u00a0\u00bb#f5f5f5&Prime; el_id=\u00a0\u00bbLETHINKTHANK\u00a0\u00bb background_image=\u00a0\u00bb7338&Prime;][vc_column][tm_spacer size=\u00a0\u00bbsm:100;lg:150&Prime;][tm_heading style=\u00a0\u00bbmodern-02&Prime; custom_google_font=\u00a0\u00bb1&Prime; align=\u00a0\u00bbcenter\u00a0\u00bb text_color=\u00a0\u00bbprimary\u00a0\u00bb hover_text_color=\u00a0\u00bbprimary\u00a0\u00bb text=\u00a0\u00bbLE THINK TANK\u00a0\u00bb font_size=\u00a0\u00bblg:24&Prime;][tm_spacer size=\u00a0\u00bblg:34&Prime;][tm_heading style=\u00a0\u00bbcommon\u00a0\u00bb custom_google_font=\u00a0\u00bb1&Prime; font_weight=\u00a0\u00bb400&Prime; align=\u00a0\u00bbcenter\u00a0\u00bb text_color=\u00a0\u00bbprimary\u00a0\u00bb hover_text_color=\u00a0\u00bbprimary\u00a0\u00bb el_class=\u00a0\u00bbtexts887554&Prime; text=\u00a0\u00bbUrban AI est un Think Tank qui f\u00e9d\u00e8re un \u00e9cosyst\u00e8me international et une communaut\u00e9 pluridisciplinaire. Ensemble, nous proposons des modes de gouvernances \u00e9thiques et des usages durables de l&rsquo;IA urbaine. Pour ce faire nous produisons des travaux (livres blancs, cahiers de tendances, analyses,&#8230;) et r\u00e9alisons des exp\u00e9rimentations autour de ce concept.\u00a0\u00bb font_size=\u00a0\u00bblg:21&Prime;][tm_spacer size=\u00a0\u00bblg:17&Prime;][tm_heading style=\u00a0\u00bbcommon\u00a0\u00bb custom_google_font=\u00a0\u00bb1&Prime; font_weight=\u00a0\u00bb400&Prime; align=\u00a0\u00bbcenter\u00a0\u00bb text_color=\u00a0\u00bbprimary\u00a0\u00bb hover_text_color=\u00a0\u00bbprimary\u00a0\u00bb el_class=\u00a0\u00bbtexts887554&Prime; text=\u00a0\u00bbUrban AI se veut \u00e9galement un espace d&rsquo;\u00e9change et de rencontre. Un lieu de d\u00e9bat qui accueille une diversit\u00e9 de points de vue autour de l&rsquo;IA et de l&rsquo;avenir des villes. Un laboratoire d&rsquo;id\u00e9es qui aide les citoyens, les d\u00e9cideurs publics et les entreprises \u00e0 s&#8217;emparer de l&rsquo;IA urbaine.\u00a0\u00bb font_size=\u00a0\u00bblg:21&Prime;][tm_spacer size=\u00a0\u00bbsm:100;lg:150&Prime;][\/vc_column][\/vc_row][\/vc_section][vc_section el_id=\u00a0\u00bbURBANISERLIA\u00a0\u00bb][vc_row full_width=\u00a0\u00bbstretch_row\u00a0\u00bb equal_height=\u00a0\u00bbyes\u00a0\u00bb content_placement=\u00a0\u00bbmiddle\u00a0\u00bb custom_border_color=\u00a0\u00bb#f5f5f5&Prime; background_color=\u00a0\u00bbprimary\u00a0\u00bb lg_spacing=\u00a0\u00bbmargin_right:0;border_right:0;padding_right:0&Prime;][vc_column width=\u00a0\u00bb1\/2&Prime;][vc_row_inner][vc_column_inner][tm_spacer size=\u00a0\u00bbsm:100;lg:150&Prime;][tm_heading style=\u00a0\u00bbmodern-02&Prime; custom_google_font=\u00a0\u00bb1&Prime; text_color=\u00a0\u00bbsecondary\u00a0\u00bb hover_text_color=\u00a0\u00bbsecondary\u00a0\u00bb text=\u00a0\u00bbURBANISER L&rsquo;IA\u00a0\u00bb font_size=\u00a0\u00bblg:24&Prime;][tm_spacer size=\u00a0\u00bblg:34&Prime;][tm_heading style=\u00a0\u00bbcommon\u00a0\u00bb custom_google_font=\u00a0\u00bb1&Prime; google_fonts=\u00a0\u00bbfont_family:Poppins%3A300%2Cregular%2C500%2C600%2C700|font_style:300%20light%20regular%3A300%3Anormal\u00a0\u00bb font_weight=\u00a0\u00bb200&Prime; text_color=\u00a0\u00bbsecondary\u00a0\u00bb hover_text_color=\u00a0\u00bbsecondary\u00a0\u00bb el_class=\u00a0\u00bbtextsqd564qs\u00a0\u00bb text=\u00a0\u00bbPlut\u00f4t que de cr\u00e9er des \u00ab\u00a0Smart City\u00ab\u00a0, notre ambition est d&rsquo;urbaniser l&rsquo;Intellligence Artificielle. D&rsquo;imaginer et d\u00e9velopper des IA qui renforcent le vivre-ensemble, embellissent les villes, respectent les territoires et pr\u00e9servent nos libert\u00e9s.\u00a0\u00bb font_size=\u00a0\u00bblg:24&Prime; css=\u00a0\u00bb.vc_custom_1614284674990{padding-right: 15% !important;}\u00a0\u00bb][tm_spacer size=\u00a0\u00bbsm:100;lg:150&Prime;][\/vc_column_inner][\/vc_row_inner][\/vc_column][vc_column width=\u00a0\u00bb1\/2&Prime; background_image=\u00a0\u00bb7292&Prime;][\/vc_column][\/vc_row][\/vc_section][vc_section el_id=\u00a0\u00bbHISTORIQUE\u00a0\u00bb][vc_row full_width=\u00a0\u00bbstretch_row\u00a0\u00bb custom_border_color=\u00a0\u00bb#f5f5f5&Prime; background_color=\u00a0\u00bbcustom\u00a0\u00bb custom_background_color=\u00a0\u00bb#f5f5f5&Prime;][vc_column][tm_spacer size=\u00a0\u00bbsm:100;lg:150&Prime;][tm_heading style=\u00a0\u00bbmodern-02&Prime; custom_google_font=\u00a0\u00bb1&Prime; align=\u00a0\u00bbcenter\u00a0\u00bb text_color=\u00a0\u00bbprimary\u00a0\u00bb hover_text_color=\u00a0\u00bbprimary\u00a0\u00bb text=\u00a0\u00bbHISTORIQUE\u00a0\u00bb font_size=\u00a0\u00bblg:24&Prime;][tm_spacer size=\u00a0\u00bblg:34&Prime;][tm_heading style=\u00a0\u00bbcommon\u00a0\u00bb custom_google_font=\u00a0\u00bb1&Prime; google_fonts=\u00a0\u00bbfont_family:Poppins%3A300%2Cregular%2C500%2C600%2C700|font_style:300%20light%20regular%3A300%3Anormal\u00a0\u00bb font_weight=\u00a0\u00bb200&Prime; align=\u00a0\u00bbcenter\u00a0\u00bb text_color=\u00a0\u00bbprimary\u00a0\u00bb el_class=\u00a0\u00bbtextsqd564qs\u00a0\u00bb text=\u00a0\u00bbUrban AI a \u00e9t\u00e9 fond\u00e9 suite \u00e0 un tour du monde. Pendant 6 mois, Hubert B\u00e9roche a explor\u00e9 12 villes et rencontr\u00e9 plus de 130 acteurs de l&rsquo;IA. Ce tour du monde avait un objectif : comprendre comment l&rsquo;IA va transforme nos villes. C&rsquo;est au cours de ce projet qu&rsquo;est n\u00e9 le concept d&rsquo;IA urbaine. Concept qui a ensuite \u00e9t\u00e9 collectivement d\u00e9velopp\u00e9 dans le rapport URBAN AI puis approfondi aupr\u00e8s de la Chaire ETI de l&rsquo;IAE Paris Sorbonne Business School avant de donner naissance au Think Tank.\u00a0\u00bb font_size=\u00a0\u00bblg:24&Prime;][tm_spacer size=\u00a0\u00bblg:34&Prime;][tm_spacer size=\u00a0\u00bblg:34&Prime;][\/vc_column][\/vc_row][\/vc_section][vc_row full_width=\u00a0\u00bbstretch_row\u00a0\u00bb content_placement=\u00a0\u00bbmiddle\u00a0\u00bb sm_spacing=\u00a0\u00bbpadding_top:100;padding_bottom:100&Prime;][vc_column offset=\u00a0\u00bbvc_col-md-5&Prime;][tm_image action=\u00a0\u00bbpopup\u00a0\u00bb image=\u00a0\u00bb7334&Prime;][\/vc_column][vc_column offset=\u00a0\u00bbvc_col-md-7&Prime;][vc_row_inner content_alignment=\u00a0\u00bbright\u00a0\u00bb sm_content_alignment=\u00a0\u00bbleft\u00a0\u00bb max_width=\u00a0\u00bb600px\u00a0\u00bb][vc_column_inner][tm_counter style=\u00a0\u00bb03&Prime; align=\u00a0\u00bbleft\u00a0\u00bb number_color=\u00a0\u00bbprimary\u00a0\u00bb text_color=\u00a0\u00bbprimary\u00a0\u00bb number=\u00a0\u00bb12&Prime; text=\u00a0\u00bbVilles visit\u00e9s\u00a0\u00bb description=\u00a0\u00bbParis, Montr\u00e9al, Boston, New York, San Francisco, S\u00e9oul, Tokyo, Singapour, Duba\u00ef, Amsterdam, Londres, Copenhague\u00a0\u00bb][tm_spacer size=\u00a0\u00bblg:34&Prime;][tm_counter style=\u00a0\u00bb03&Prime; align=\u00a0\u00bbleft\u00a0\u00bb number_color=\u00a0\u00bbprimary\u00a0\u00bb text_color=\u00a0\u00bbprimary\u00a0\u00bb number=\u00a0\u00bb130&Prime; text=\u00a0\u00bbActeurs rencontr\u00e9s\u00a0\u00bb description=\u00a0\u00bbDes entrepreneurs, urbanistes, philosophes, ing\u00e9nieurs, \u00e9lus locaux, consultants, cadres dirigeants, architectes&#8230;\u00a0\u00bb][tm_spacer size=\u00a0\u00bblg:76&Prime;][vc_raw_html]JTNDYSUyMGNsYXNzJTNEJTIydG0tYnV0dG9uJTIwc3R5bGUtZmxhdCUyMHRtLWJ1dHRvbi1ubSUyMHRtLWJ1dHRvbi1wcmltYXJ5JTIyJTIwaHJlZiUzRCUyMmh0dHBzJTNBJTJGJTJGdXJiYW5haS5mciUyRm5vcy10cmF2YXV4JTJGcmFwcG9ydC11cmJhbi1haSUyRiUyMiUyMHN0eWxlJTNEJTIybWFyZ2luLXJpZ2h0JTNBJTIwMTVweCUzQiUyMiUzRSUwQSUzQ3NwYW4lMjBjbGFzcyUzRCUyMmJ1dHRvbi10ZXh0JTIyJTIwZGF0YS10ZXh0JTNEJTIyTElSRSUyMExFJTIwUkFQUE9SVCUyMCVFMiU4NiU5MiUyMiUzRSUwQUxJUkUlMjBMRSUyMFJBUFBPUlQlMjAlRTIlODYlOTIlMjAlM0MlMkZzcGFuJTNFJTBBJTNDJTJGYSUzRSUwQSUzQ2ElMjBjbGFzcyUzRCUyMnRtLWJ1dHRvbiUyMHN0eWxlLWZsYXQlMjB0bS1idXR0b24tbm0lMjB0bS1idXR0b24tcHJpbWFyeSUyMiUyMGhyZWYlM0QlMjJodHRwJTNBJTJGJTJGY2hhaXJlLWV0aS5vcmclMkZ3cC1jb250ZW50JTJGdXBsb2FkcyUyRjIwMjAlMkYxMCUyRkNhaGllcnMtZGUtbGEtQ2hhaXJlLUVUSS0yLVZpbGxlLWV0LUlBLnBkZiUyMiUyMHRhcmdldCUzRCVFMiU4MCU5RF9ibGFuayVFMiU4MCU5RCUzRSUwQSUzQ3NwYW4lMjBjbGFzcyUzRCUyMmJ1dHRvbi10ZXh0JTIyJTIwZGF0YS10ZXh0JTNEJTIyVCVDMyU4OUwlQzMlODlDSEFSR0VSJTIwTEUlMjBDQUhJRVIlMjAlRTIlODYlOTIlMjIlM0UlMEFUJUMzJTg5TCVDMyU4OUNIQVJHRVIlMjBMRSUyMENBSElFUiUyMCVFMiU4NiU5MiUyMCUzQyUyRnNwYW4lM0UlMEElM0MlMkZhJTNF[\/vc_raw_html][\/vc_column_inner][\/vc_row_inner][\/vc_column][\/vc_row]\n<\/div>","protected":false},"excerpt":{"rendered":"<p>[vc_row full_width=\u00a0\u00bbstretch_row\u00a0\u00bb disable_element=\u00a0\u00bbyes\u00a0\u00bb background_image=\u00a0\u00bb1727&Prime; background_position=\u00a0\u00bbcenter\u00a0\u00bb el_id=\u00a0\u00bbsection-about\u00a0\u00bb][vc_column][tm_spacer size=\u00a0\u00bbsm:100;lg:150&Prime;][tm_heading style=\u00a0\u00bbmodern-02&Prime; custom_google_font=\u00a0\u00bb1&Prime; align=\u00a0\u00bbcenter\u00a0\u00bb text_color=\u00a0\u00bbprimary\u00a0\u00bb hover_text_color=\u00a0\u00bbprimary\u00a0\u00bb text=\u00a0\u00bb\u00c0-PROPOS DE URBAN AI\u00a0\u00bb][tm_spacer size=\u00a0\u00bblg:35&Prime;][tm_heading custom_google_font=\u00a0\u00bb1&Prime; align=\u00a0\u00bbcenter\u00a0\u00bb text_color=\u00a0\u00bbprimary\u00a0\u00bb el_class=\u00a0\u00bbsecondary-font\u00a0\u00bb text=\u00a0\u00bbURBAN AI est le 1er Think Tank sur les IA urbaines !\u00a0\u00bb font_size=\u00a0\u00bbsm:36;md:42;lg:48&Prime; line_height=\u00a0\u00bb1.25&Prime;][tm_spacer size=\u00a0\u00bbsm:50;lg:107&Prime;][tm_grid centered_items=\u00a0\u00bb1&Prime; columns=\u00a0\u00bbxs:1;sm:1;lg:3&Prime; column_gutter=\u00a0\u00bblg:30&Prime; row_gutter=\u00a0\u00bblg:50&Prime; item_max_width=\u00a0\u00bbsm:370&Prime;][tm_box_icon align=\u00a0\u00bbcenter\u00a0\u00bb icon_type=\u00a0\u00bbion\u00a0\u00bb icon_ion=\u00a0\u00bbion-ios-eye-outline\u00a0\u00bb heading_color=\u00a0\u00bbprimary\u00a0\u00bb icon_color=\u00a0\u00bbprimary\u00a0\u00bb button_color=\u00a0\u00bbprimary\u00a0\u00bb heading=\u00a0\u00bbLe Think Tank\u00a0\u00bb text=\u00a0\u00bbUrban AI est un Think Tank qui f\u00e9d\u00e8re un \u00e9cosyst\u00e8me international et une communaut\u00e9&#8230;\u00a0\u00bb button=\u00a0\u00bburl:%23LETHINKTHANK|title:En%20savoir%20plus\u00a0\u00bb][tm_box_icon align=\u00a0\u00bbcenter\u00a0\u00bb icon_type=\u00a0\u00bbion\u00a0\u00bb icon_ion=\u00a0\u00bbion-ios-bookmarks-outline\u00a0\u00bb heading_color=\u00a0\u00bbprimary\u00a0\u00bb icon_color=\u00a0\u00bbprimary\u00a0\u00bb button_color=\u00a0\u00bbprimary\u00a0\u00bb heading=\u00a0\u00bbUrbaniser l&rsquo;IA\u00a0\u00bb text=\u00a0\u00bbPlut\u00f4t que de cr\u00e9er des \u00ab\u00a0Smart City\u00ab\u00a0, notre ambition est d&rsquo;urbaniser l&rsquo;Intellligence Artificielle. D&rsquo;imaginer et&#8230;\u00a0\u00bb button=\u00a0\u00bburl:%23URBANISERLIA|title:En%20savoir%20plus\u00a0\u00bb][tm_box_icon align=\u00a0\u00bbcenter\u00a0\u00bb icon_type=\u00a0\u00bbion\u00a0\u00bb icon_ion=\u00a0\u00bbion-ios-browsers-outline\u00a0\u00bb heading_color=\u00a0\u00bbprimary\u00a0\u00bb icon_color=\u00a0\u00bbprimary\u00a0\u00bb button_color=\u00a0\u00bbprimary\u00a0\u00bb heading=\u00a0\u00bbHistorique\u00a0\u00bb text=\u00a0\u00bbUrban AI a \u00e9t\u00e9 fond\u00e9 suite \u00e0 un tour du monde. Pendant 6 mois, Hubert B\u00e9roche a explor\u00e9 12 villes&#8230;\u00a0\u00bb button=\u00a0\u00bburl:%23HISTORIQUE|title:En%20savoir%20plus\u00a0\u00bb][\/tm_grid][tm_spacer size=\u00a0\u00bbsm:100;lg:140&Prime;][\/vc_column][\/vc_row][vc_section][vc_row full_width=\u00a0\u00bbstretch_row\u00a0\u00bb custom_border_color=\u00a0\u00bb#f5f5f5&Prime; el_id=\u00a0\u00bbLETHINKTHANK\u00a0\u00bb background_image=\u00a0\u00bb7338&Prime;][vc_column][tm_spacer size=\u00a0\u00bbsm:100;lg:150&Prime;][tm_heading style=\u00a0\u00bbmodern-02&Prime; custom_google_font=\u00a0\u00bb1&Prime; align=\u00a0\u00bbcenter\u00a0\u00bb text_color=\u00a0\u00bbprimary\u00a0\u00bb hover_text_color=\u00a0\u00bbprimary\u00a0\u00bb text=\u00a0\u00bbLE THINK TANK\u00a0\u00bb font_size=\u00a0\u00bblg:24&Prime;][tm_spacer size=\u00a0\u00bblg:34&Prime;][tm_heading style=\u00a0\u00bbcommon\u00a0\u00bb custom_google_font=\u00a0\u00bb1&Prime; font_weight=\u00a0\u00bb400&Prime; align=\u00a0\u00bbcenter\u00a0\u00bb text_color=\u00a0\u00bbprimary\u00a0\u00bb hover_text_color=\u00a0\u00bbprimary\u00a0\u00bb el_class=\u00a0\u00bbtexts887554&Prime; text=\u00a0\u00bbUrban AI est un Think Tank qui f\u00e9d\u00e8re un \u00e9cosyst\u00e8me international et une communaut\u00e9 pluridisciplinaire. Ensemble, nous proposons des modes de gouvernances \u00e9thiques et des usages durables de l&rsquo;IA urbaine. Pour ce faire nous produisons des travaux (livres blancs, cahiers de tendances, analyses,&#8230;) et r\u00e9alisons des exp\u00e9rimentations autour de ce concept.\u00a0\u00bb font_size=\u00a0\u00bblg:21&Prime;][tm_spacer size=\u00a0\u00bblg:17&Prime;][tm_heading style=\u00a0\u00bbcommon\u00a0\u00bb custom_google_font=\u00a0\u00bb1&Prime; font_weight=\u00a0\u00bb400&Prime; align=\u00a0\u00bbcenter\u00a0\u00bb text_color=\u00a0\u00bbprimary\u00a0\u00bb hover_text_color=\u00a0\u00bbprimary\u00a0\u00bb el_class=\u00a0\u00bbtexts887554&Prime; text=\u00a0\u00bbUrban AI se veut \u00e9galement un espace d&rsquo;\u00e9change et de rencontre. Un lieu de d\u00e9bat qui accueille une diversit\u00e9 de points de vue autour de l&rsquo;IA et de l&rsquo;avenir des villes. Un laboratoire d&rsquo;id\u00e9es qui aide les citoyens, les d\u00e9cideurs publics et les entreprises \u00e0 s&#8217;emparer de l&rsquo;IA urbaine.\u00a0\u00bb font_size=\u00a0\u00bblg:21&Prime;][tm_spacer size=\u00a0\u00bbsm:100;lg:150&Prime;][\/vc_column][\/vc_row][\/vc_section][vc_section el_id=\u00a0\u00bbURBANISERLIA\u00a0\u00bb][vc_row full_width=\u00a0\u00bbstretch_row\u00a0\u00bb equal_height=\u00a0\u00bbyes\u00a0\u00bb content_placement=\u00a0\u00bbmiddle\u00a0\u00bb custom_border_color=\u00a0\u00bb#f5f5f5&Prime; background_color=\u00a0\u00bbprimary\u00a0\u00bb lg_spacing=\u00a0\u00bbmargin_right:0;border_right:0;padding_right:0&Prime;][vc_column width=\u00a0\u00bb1\/2&Prime;][vc_row_inner][vc_column_inner][tm_spacer size=\u00a0\u00bbsm:100;lg:150&Prime;][tm_heading style=\u00a0\u00bbmodern-02&Prime; custom_google_font=\u00a0\u00bb1&Prime; text_color=\u00a0\u00bbsecondary\u00a0\u00bb hover_text_color=\u00a0\u00bbsecondary\u00a0\u00bb text=\u00a0\u00bbURBANISER L&rsquo;IA\u00a0\u00bb font_size=\u00a0\u00bblg:24&Prime;][tm_spacer size=\u00a0\u00bblg:34&Prime;][tm_heading style=\u00a0\u00bbcommon\u00a0\u00bb custom_google_font=\u00a0\u00bb1&Prime; google_fonts=\u00a0\u00bbfont_family:Poppins%3A300%2Cregular%2C500%2C600%2C700|font_style:300%20light%20regular%3A300%3Anormal\u00a0\u00bb font_weight=\u00a0\u00bb200&Prime; text_color=\u00a0\u00bbsecondary\u00a0\u00bb hover_text_color=\u00a0\u00bbsecondary\u00a0\u00bb el_class=\u00a0\u00bbtextsqd564qs\u00a0\u00bb text=\u00a0\u00bbPlut\u00f4t que de cr\u00e9er des \u00ab\u00a0Smart City\u00ab\u00a0, notre ambition est d&rsquo;urbaniser l&rsquo;Intellligence Artificielle. D&rsquo;imaginer et d\u00e9velopper des IA qui renforcent le vivre-ensemble, embellissent les villes, respectent les territoires et pr\u00e9servent nos libert\u00e9s.\u00a0\u00bb font_size=\u00a0\u00bblg:24&Prime; css=\u00a0\u00bb.vc_custom_1614284674990{padding-right: 15% !important;}\u00a0\u00bb][tm_spacer size=\u00a0\u00bbsm:100;lg:150&Prime;][\/vc_column_inner][\/vc_row_inner][\/vc_column][vc_column width=\u00a0\u00bb1\/2&Prime; background_image=\u00a0\u00bb7292&Prime;][\/vc_column][\/vc_row][\/vc_section][vc_section el_id=\u00a0\u00bbHISTORIQUE\u00a0\u00bb][vc_row full_width=\u00a0\u00bbstretch_row\u00a0\u00bb custom_border_color=\u00a0\u00bb#f5f5f5&Prime; background_color=\u00a0\u00bbcustom\u00a0\u00bb custom_background_color=\u00a0\u00bb#f5f5f5&Prime;][vc_column][tm_spacer size=\u00a0\u00bbsm:100;lg:150&Prime;][tm_heading style=\u00a0\u00bbmodern-02&Prime; custom_google_font=\u00a0\u00bb1&Prime; align=\u00a0\u00bbcenter\u00a0\u00bb text_color=\u00a0\u00bbprimary\u00a0\u00bb hover_text_color=\u00a0\u00bbprimary\u00a0\u00bb text=\u00a0\u00bbHISTORIQUE\u00a0\u00bb font_size=\u00a0\u00bblg:24&Prime;][tm_spacer size=\u00a0\u00bblg:34&Prime;][tm_heading style=\u00a0\u00bbcommon\u00a0\u00bb custom_google_font=\u00a0\u00bb1&Prime; google_fonts=\u00a0\u00bbfont_family:Poppins%3A300%2Cregular%2C500%2C600%2C700|font_style:300%20light%20regular%3A300%3Anormal\u00a0\u00bb font_weight=\u00a0\u00bb200&Prime; align=\u00a0\u00bbcenter\u00a0\u00bb text_color=\u00a0\u00bbprimary\u00a0\u00bb el_class=\u00a0\u00bbtextsqd564qs\u00a0\u00bb text=\u00a0\u00bbUrban AI a \u00e9t\u00e9 fond\u00e9 suite \u00e0 un tour du monde. Pendant 6 mois, Hubert B\u00e9roche a explor\u00e9 12 villes et rencontr\u00e9 plus de 130 acteurs de l&rsquo;IA. Ce tour du monde avait un objectif : comprendre comment l&rsquo;IA va transforme nos villes. C&rsquo;est au cours de ce projet qu&rsquo;est n\u00e9 le concept d&rsquo;IA urbaine. Concept qui a ensuite \u00e9t\u00e9 collectivement d\u00e9velopp\u00e9 dans le rapport URBAN AI puis approfondi aupr\u00e8s de la Chaire ETI de l&rsquo;IAE Paris Sorbonne Business School avant de donner naissance au Think Tank.\u00a0\u00bb font_size=\u00a0\u00bblg:24&Prime;][tm_spacer size=\u00a0\u00bblg:34&Prime;][tm_spacer size=\u00a0\u00bblg:34&Prime;][\/vc_column][\/vc_row][\/vc_section][vc_row full_width=\u00a0\u00bbstretch_row\u00a0\u00bb content_placement=\u00a0\u00bbmiddle\u00a0\u00bb sm_spacing=\u00a0\u00bbpadding_top:100;padding_bottom:100&Prime;][vc_column offset=\u00a0\u00bbvc_col-md-5&Prime;][tm_image action=\u00a0\u00bbpopup\u00a0\u00bb image=\u00a0\u00bb7334&Prime;][\/vc_column][vc_column offset=\u00a0\u00bbvc_col-md-7&Prime;][vc_row_inner content_alignment=\u00a0\u00bbright\u00a0\u00bb sm_content_alignment=\u00a0\u00bbleft\u00a0\u00bb max_width=\u00a0\u00bb600px\u00a0\u00bb][vc_column_inner][tm_counter style=\u00a0\u00bb03&Prime; align=\u00a0\u00bbleft\u00a0\u00bb number_color=\u00a0\u00bbprimary\u00a0\u00bb text_color=\u00a0\u00bbprimary\u00a0\u00bb number=\u00a0\u00bb12&Prime; text=\u00a0\u00bbVilles visit\u00e9s\u00a0\u00bb description=\u00a0\u00bbParis, Montr\u00e9al, Boston, New York, San Francisco, S\u00e9oul, Tokyo, Singapour, Duba\u00ef, Amsterdam, Londres, Copenhague\u00a0\u00bb][tm_spacer size=\u00a0\u00bblg:34&Prime;][tm_counter style=\u00a0\u00bb03&Prime; align=\u00a0\u00bbleft\u00a0\u00bb number_color=\u00a0\u00bbprimary\u00a0\u00bb text_color=\u00a0\u00bbprimary\u00a0\u00bb number=\u00a0\u00bb130&Prime; text=\u00a0\u00bbActeurs rencontr\u00e9s\u00a0\u00bb description=\u00a0\u00bbDes entrepreneurs, urbanistes, philosophes, ing\u00e9nieurs, \u00e9lus locaux, consultants, cadres dirigeants, architectes&#8230;\u00a0\u00bb][tm_spacer size=\u00a0\u00bblg:76&Prime;][vc_raw_html]JTNDYSUyMGNsYXNzJTNEJTIydG0tYnV0dG9uJTIwc3R5bGUtZmxhdCUyMHRtLWJ1dHRvbi1ubSUyMHRtLWJ1dHRvbi1wcmltYXJ5JTIyJTIwaHJlZiUzRCUyMmh0dHBzJTNBJTJGJTJGdXJiYW5haS5mciUyRm5vcy10cmF2YXV4JTJGcmFwcG9ydC11cmJhbi1haSUyRiUyMiUyMHN0eWxlJTNEJTIybWFyZ2luLXJpZ2h0JTNBJTIwMTVweCUzQiUyMiUzRSUwQSUzQ3NwYW4lMjBjbGFzcyUzRCUyMmJ1dHRvbi10ZXh0JTIyJTIwZGF0YS10ZXh0JTNEJTIyTElSRSUyMExFJTIwUkFQUE9SVCUyMCVFMiU4NiU5MiUyMiUzRSUwQUxJUkUlMjBMRSUyMFJBUFBPUlQlMjAlRTIlODYlOTIlMjAlM0MlMkZzcGFuJTNFJTBBJTNDJTJGYSUzRSUwQSUzQ2ElMjBjbGFzcyUzRCUyMnRtLWJ1dHRvbiUyMHN0eWxlLWZsYXQlMjB0bS1idXR0b24tbm0lMjB0bS1idXR0b24tcHJpbWFyeSUyMiUyMGhyZWYlM0QlMjJodHRwJTNBJTJGJTJGY2hhaXJlLWV0aS5vcmclMkZ3cC1jb250ZW50JTJGdXBsb2FkcyUyRjIwMjAlMkYxMCUyRkNhaGllcnMtZGUtbGEtQ2hhaXJlLUVUSS0yLVZpbGxlLWV0LUlBLnBkZiUyMiUyMHRhcmdldCUzRCVFMiU4MCU5RF9ibGFuayVFMiU4MCU5RCUzRSUwQSUzQ3NwYW4lMjBjbGFzcyUzRCUyMmJ1dHRvbi10ZXh0JTIyJTIwZGF0YS10ZXh0JTNEJTIyVCVDMyU4OUwlQzMlODlDSEFSR0VSJTIwTEUlMjBDQUhJRVIlMjAlRTIlODYlOTIlMjIlM0UlMEFUJUMzJTg5TCVDMyU4OUNIQVJHRVIlMjBMRSUyMENBSElFUiUyMCVFMiU4NiU5MiUyMCUzQyUyRnNwYW4lM0UlMEElM0MlMkZhJTNF[\/vc_raw_html][\/vc_column_inner][\/vc_row_inner][\/vc_column][\/vc_row]<\/p>\n","protected":false},"author":11,"featured_media":9156,"parent":0,"menu_order":0,"comment_status":"closed","ping_status":"closed","template":"","meta":{"_acf_changed":false,"footnotes":""},"class_list":["post-6649","page","type-page","status-publish","has-post-thumbnail","hentry"],"acf":[],"_links":{"self":[{"href":"https:\/\/urbanai.fr\/fr\/wp-json\/wp\/v2\/pages\/6649","targetHints":{"allow":["GET"]}}],"collection":[{"href":"https:\/\/urbanai.fr\/fr\/wp-json\/wp\/v2\/pages"}],"about":[{"href":"https:\/\/urbanai.fr\/fr\/wp-json\/wp\/v2\/types\/page"}],"author":[{"embeddable":true,"href":"https:\/\/urbanai.fr\/fr\/wp-json\/wp\/v2\/users\/11"}],"replies":[{"embeddable":true,"href":"https:\/\/urbanai.fr\/fr\/wp-json\/wp\/v2\/comments?post=6649"}],"version-history":[{"count":55,"href":"https:\/\/urbanai.fr\/fr\/wp-json\/wp\/v2\/pages\/6649\/revisions"}],"predecessor-version":[{"id":8397,"href":"https:\/\/urbanai.fr\/fr\/wp-json\/wp\/v2\/pages\/6649\/revisions\/8397"}],"wp:featuredmedia":[{"embeddable":true,"href":"https:\/\/urbanai.fr\/fr\/wp-json\/wp\/v2\/media\/9156"}],"wp:attachment":[{"href":"https:\/\/urbanai.fr\/fr\/wp-json\/wp\/v2\/media?parent=6649"}],"curies":[{"name":"wp","href":"https:\/\/api.w.org\/{rel}","templated":true}]}}