{"id":8042,"date":"2021-03-04T07:12:31","date_gmt":"2021-03-04T07:12:31","guid":{"rendered":"https:\/\/urbanai.fr\/nos-travaux\/urban-ai-report\/"},"modified":"2025-09-04T07:24:02","modified_gmt":"2025-09-04T07:24:02","slug":"rapport-urban-ai","status":"publish","type":"page","link":"https:\/\/urbanai.fr\/fr\/nos-travaux\/rapport-urban-ai\/","title":{"rendered":"Rapport URBAN AI"},"content":{"rendered":"<div class=\"wpb-content-wrapper\">[vc_row full_width=\u00a0\u00bbstretch_row_content_no_spaces\u00a0\u00bb content_placement=\u00a0\u00bbmiddle\u00a0\u00bb custom_border_color=\u00a0\u00bb#ffffff\u00a0\u00bb background_color=\u00a0\u00bbcustom\u00a0\u00bb lg_spacing=\u00a0\u00bbpadding_top:0;padding_bottom:60&Prime; custom_background_color=\u00a0\u00bb#ffffff\u00a0\u00bb][vc_column offset=\u00a0\u00bbvc_col-md-6&Prime;][vc_row_inner content_alignment=\u00a0\u00bbright\u00a0\u00bb sm_content_alignment=\u00a0\u00bbcenter\u00a0\u00bb max_width=\u00a0\u00bb600px\u00a0\u00bb lg_spacing=\u00a0\u00bbpadding_right:80&Prime; md_spacing=\u00a0\u00bbpadding_right:15&Prime; sm_spacing=\u00a0\u00bbpadding_right:0&Prime;][vc_column_inner lg_spacing=\u00a0\u00bbpadding_top:60&Prime;][tm_heading style=\u00a0\u00bbmodern\u00a0\u00bb tag=\u00a0\u00bbh6&Prime; custom_google_font=\u00a0\u00bb\u00a0\u00bb text_color=\u00a0\u00bbcustom\u00a0\u00bb custom_text_color=\u00a0\u00bb#b8b8b8&Prime; text=\u00a0\u00bbRAPPORT URBAN AI\u00a0\u00bb][tm_spacer size=\u00a0\u00bblg:25&Prime;][tm_heading custom_google_font=\u00a0\u00bb\u00a0\u00bb text=\u00a0\u00bbQu\u2019est ce<br \/>\nque l\u2019<mark>IA urbaine<\/mark> ?\u00a0\u00bb font_size=\u00a0\u00bbsm:36;md:42;lg:48&Prime; line_height=\u00a0\u00bb1.25&Prime;][tm_spacer size=\u00a0\u00bblg:47&Prime;][\/vc_column_inner][\/vc_row_inner][tm_image full_wide=\u00a0\u00bb1&Prime; image=\u00a0\u00bb6812&Prime;][\/vc_column][vc_column offset=\u00a0\u00bbvc_col-md-6&Prime;][vc_row_inner content_alignment=\u00a0\u00bbright\u00a0\u00bb sm_content_alignment=\u00a0\u00bbcenter\u00a0\u00bb max_width=\u00a0\u00bb600px\u00a0\u00bb lg_spacing=\u00a0\u00bbpadding_right:80&Prime; md_spacing=\u00a0\u00bbpadding_right:15&Prime; sm_spacing=\u00a0\u00bbpadding_right:0&Prime;][vc_column_inner lg_spacing=\u00a0\u00bbpadding_top:60&Prime;][tm_heading tag=\u00a0\u00bbdiv\u00a0\u00bb custom_google_font=\u00a0\u00bb1&Prime; google_fonts=\u00a0\u00bbfont_family:Poppins%3A300%2Cregular%2C500%2C600%2C700|font_style:700%20bold%20regular%3A700%3Anormal\u00a0\u00bb font_weight=\u00a0\u00bb700&Prime; el_class=\u00a0\u00bbjustifklc564&Prime; text=\u00a0\u00bbURBAN AI est un rapport co-\u00e9crit avec 20 entrepreneurs et scientifiques de renom. Il ambitionne de forger et d\u00e9velopper le concept d&rsquo;IA urbaine.\u00a0\u00bb][tm_spacer size=\u00a0\u00bblg:47&Prime;][tm_heading tag=\u00a0\u00bbdiv\u00a0\u00bb custom_google_font=\u00a0\u00bb\u00a0\u00bb el_class=\u00a0\u00bbjustifklc564&Prime; text=\u00a0\u00bbLe rapport Urban AI condense les d\u00e9couvertes et analyses d&rsquo;un tour du monde de 6 mois. 6 mois pendant lesquels Hubert B\u00e9roche a explor\u00e9 12 villes et rencontr\u00e9 plus de 130 acteurs de l&rsquo;IA en vue de comprendre comment l&rsquo;IA peut participer \u00e0 la cr\u00e9ation de villes durables.\u00a0\u00bb][tm_spacer size=\u00a0\u00bblg:21&Prime;][tm_heading tag=\u00a0\u00bbdiv\u00a0\u00bb custom_google_font=\u00a0\u00bb\u00a0\u00bb el_class=\u00a0\u00bbjustifklc564&Prime; text=\u00a0\u00bbLe rapport est divis\u00e9 en neuf chapitres. Les six premiers chapitres reviennent sur le champ des possibles de l&rsquo;IA urbaine en faisant une analyse des apports de cette technologie par verticale urbaine (mobilit\u00e9, b\u00e2timents, gestion des d\u00e9chets,&#8230;). Les 3 derniers chapitres reviennent sur les enjeux de gouvernance de la donn\u00e9es, de territorialisation de l&rsquo;IA et d&rsquo;urbanisation des technologies.\u00a0\u00bb][tm_spacer size=\u00a0\u00bblg:21&Prime;][vc_raw_html]JTNDYSUyMGNsYXNzJTNEJTIydG0tYnV0dG9uJTIwc3R5bGUtZmxhdCUyMHRtLWJ1dHRvbi1ubSUyMHRtLWJ1dHRvbi1wcmltYXJ5JTIyJTIwaHJlZiUzRCUyMmh0dHBzJTNBJTJGJTJGdXJiYW5haS5mciUyRndwLWNvbnRlbnQlMkZ1cGxvYWRzJTJGMjAyMSUyRjAzJTJGVVJCQU4tQUktMS5wZGYlMjIlMjBzdHlsZSUzRCUyMm1hcmdpbi1yaWdodCUzQSUyMDE1cHglM0IlMjIlM0UlMEElM0NzcGFuJTIwY2xhc3MlM0QlMjJidXR0b24tdGV4dCUyMiUyMGRhdGEtdGV4dCUzRCUyMkxJUkUlMjBMRSUyMFJBUFBPUlQlMjAlRTIlODYlOTIlMjIlM0UlMEFMSVJFJTIwTEUlMjBSQVBQT1JUJTIwJUUyJTg2JTkyJTIwJTNDJTJGc3BhbiUzRSUwQSUzQyUyRmElM0U=[\/vc_raw_html][\/vc_column_inner][\/vc_row_inner][tm_spacer size=\u00a0\u00bbsm:60&Prime;][\/vc_column][\/vc_row]\n<\/div>","protected":false},"excerpt":{"rendered":"<p>[vc_row full_width=\u00a0\u00bbstretch_row_content_no_spaces\u00a0\u00bb content_placement=\u00a0\u00bbmiddle\u00a0\u00bb custom_border_color=\u00a0\u00bb#ffffff\u00a0\u00bb background_color=\u00a0\u00bbcustom\u00a0\u00bb lg_spacing=\u00a0\u00bbpadding_top:0;padding_bottom:60&Prime; custom_background_color=\u00a0\u00bb#ffffff\u00a0\u00bb][vc_column offset=\u00a0\u00bbvc_col-md-6&Prime;][vc_row_inner content_alignment=\u00a0\u00bbright\u00a0\u00bb sm_content_alignment=\u00a0\u00bbcenter\u00a0\u00bb max_width=\u00a0\u00bb600px\u00a0\u00bb lg_spacing=\u00a0\u00bbpadding_right:80&Prime; md_spacing=\u00a0\u00bbpadding_right:15&Prime; sm_spacing=\u00a0\u00bbpadding_right:0&Prime;][vc_column_inner lg_spacing=\u00a0\u00bbpadding_top:60&Prime;][tm_heading style=\u00a0\u00bbmodern\u00a0\u00bb tag=\u00a0\u00bbh6&Prime; custom_google_font=\u00a0\u00bb\u00a0\u00bb text_color=\u00a0\u00bbcustom\u00a0\u00bb custom_text_color=\u00a0\u00bb#b8b8b8&Prime; text=\u00a0\u00bbRAPPORT URBAN AI\u00a0\u00bb][tm_spacer size=\u00a0\u00bblg:25&Prime;][tm_heading custom_google_font=\u00a0\u00bb\u00a0\u00bb text=\u00a0\u00bbQu\u2019est ce que l\u2019IA urbaine ?\u00a0\u00bb font_size=\u00a0\u00bbsm:36;md:42;lg:48&Prime; line_height=\u00a0\u00bb1.25&Prime;][tm_spacer size=\u00a0\u00bblg:47&Prime;][\/vc_column_inner][\/vc_row_inner][tm_image full_wide=\u00a0\u00bb1&Prime; image=\u00a0\u00bb6812&Prime;][\/vc_column][vc_column offset=\u00a0\u00bbvc_col-md-6&Prime;][vc_row_inner content_alignment=\u00a0\u00bbright\u00a0\u00bb sm_content_alignment=\u00a0\u00bbcenter\u00a0\u00bb max_width=\u00a0\u00bb600px\u00a0\u00bb lg_spacing=\u00a0\u00bbpadding_right:80&Prime; md_spacing=\u00a0\u00bbpadding_right:15&Prime; sm_spacing=\u00a0\u00bbpadding_right:0&Prime;][vc_column_inner lg_spacing=\u00a0\u00bbpadding_top:60&Prime;][tm_heading tag=\u00a0\u00bbdiv\u00a0\u00bb custom_google_font=\u00a0\u00bb1&Prime; google_fonts=\u00a0\u00bbfont_family:Poppins%3A300%2Cregular%2C500%2C600%2C700|font_style:700%20bold%20regular%3A700%3Anormal\u00a0\u00bb font_weight=\u00a0\u00bb700&Prime; el_class=\u00a0\u00bbjustifklc564&Prime; text=\u00a0\u00bbURBAN AI est un rapport co-\u00e9crit avec 20 entrepreneurs et scientifiques de renom. Il ambitionne de forger et d\u00e9velopper le concept d&rsquo;IA urbaine.\u00a0\u00bb][tm_spacer size=\u00a0\u00bblg:47&Prime;][tm_heading tag=\u00a0\u00bbdiv\u00a0\u00bb custom_google_font=\u00a0\u00bb\u00a0\u00bb el_class=\u00a0\u00bbjustifklc564&Prime; text=\u00a0\u00bbLe rapport Urban AI condense les d\u00e9couvertes et analyses d&rsquo;un tour du monde de 6 mois. 6 mois pendant lesquels Hubert B\u00e9roche a explor\u00e9 12 villes et rencontr\u00e9 plus de 130 acteurs de l&rsquo;IA en vue de comprendre comment l&rsquo;IA peut participer \u00e0 la cr\u00e9ation de villes durables.\u00a0\u00bb][tm_spacer size=\u00a0\u00bblg:21&Prime;][tm_heading tag=\u00a0\u00bbdiv\u00a0\u00bb custom_google_font=\u00a0\u00bb\u00a0\u00bb el_class=\u00a0\u00bbjustifklc564&Prime; text=\u00a0\u00bbLe rapport est divis\u00e9 en neuf chapitres. Les six premiers chapitres reviennent sur le champ des possibles de l&rsquo;IA urbaine en faisant une analyse des apports de cette technologie par verticale urbaine (mobilit\u00e9, b\u00e2timents, gestion des d\u00e9chets,&#8230;). Les 3 derniers chapitres reviennent sur les enjeux de gouvernance de la donn\u00e9es, de territorialisation de l&rsquo;IA et d&rsquo;urbanisation des technologies.\u00a0\u00bb][tm_spacer size=\u00a0\u00bblg:21&Prime;][vc_raw_html]JTNDYSUyMGNsYXNzJTNEJTIydG0tYnV0dG9uJTIwc3R5bGUtZmxhdCUyMHRtLWJ1dHRvbi1ubSUyMHRtLWJ1dHRvbi1wcmltYXJ5JTIyJTIwaHJlZiUzRCUyMmh0dHBzJTNBJTJGJTJGdXJiYW5haS5mciUyRndwLWNvbnRlbnQlMkZ1cGxvYWRzJTJGMjAyMSUyRjAzJTJGVVJCQU4tQUktMS5wZGYlMjIlMjBzdHlsZSUzRCUyMm1hcmdpbi1yaWdodCUzQSUyMDE1cHglM0IlMjIlM0UlMEElM0NzcGFuJTIwY2xhc3MlM0QlMjJidXR0b24tdGV4dCUyMiUyMGRhdGEtdGV4dCUzRCUyMkxJUkUlMjBMRSUyMFJBUFBPUlQlMjAlRTIlODYlOTIlMjIlM0UlMEFMSVJFJTIwTEUlMjBSQVBQT1JUJTIwJUUyJTg2JTkyJTIwJTNDJTJGc3BhbiUzRSUwQSUzQyUyRmElM0U=[\/vc_raw_html][\/vc_column_inner][\/vc_row_inner][tm_spacer size=\u00a0\u00bbsm:60&Prime;][\/vc_column][\/vc_row]<\/p>\n","protected":false},"author":11,"featured_media":9156,"parent":5695,"menu_order":0,"comment_status":"closed","ping_status":"closed","template":"","meta":{"_acf_changed":false,"footnotes":""},"class_list":["post-8042","page","type-page","status-publish","has-post-thumbnail","hentry"],"acf":[],"_links":{"self":[{"href":"https:\/\/urbanai.fr\/fr\/wp-json\/wp\/v2\/pages\/8042","targetHints":{"allow":["GET"]}}],"collection":[{"href":"https:\/\/urbanai.fr\/fr\/wp-json\/wp\/v2\/pages"}],"about":[{"href":"https:\/\/urbanai.fr\/fr\/wp-json\/wp\/v2\/types\/page"}],"author":[{"embeddable":true,"href":"https:\/\/urbanai.fr\/fr\/wp-json\/wp\/v2\/users\/11"}],"replies":[{"embeddable":true,"href":"https:\/\/urbanai.fr\/fr\/wp-json\/wp\/v2\/comments?post=8042"}],"version-history":[{"count":14,"href":"https:\/\/urbanai.fr\/fr\/wp-json\/wp\/v2\/pages\/8042\/revisions"}],"predecessor-version":[{"id":8380,"href":"https:\/\/urbanai.fr\/fr\/wp-json\/wp\/v2\/pages\/8042\/revisions\/8380"}],"up":[{"embeddable":true,"href":"https:\/\/urbanai.fr\/fr\/wp-json\/wp\/v2\/pages\/5695"}],"wp:featuredmedia":[{"embeddable":true,"href":"https:\/\/urbanai.fr\/fr\/wp-json\/wp\/v2\/media\/9156"}],"wp:attachment":[{"href":"https:\/\/urbanai.fr\/fr\/wp-json\/wp\/v2\/media?parent=8042"}],"curies":[{"name":"wp","href":"https:\/\/api.w.org\/{rel}","templated":true}]}}